{"id":176,"date":"2024-11-13T01:24:51","date_gmt":"2024-11-13T01:24:51","guid":{"rendered":"https:\/\/sexxxpalace.com\/?page_id=176"},"modified":"2024-11-21T15:54:44","modified_gmt":"2024-11-21T15:54:44","slug":"jobs","status":"publish","type":"page","link":"https:\/\/sexxxpalace.com\/?page_id=176","title":{"rendered":"JOBS"},"content":{"rendered":"\n<h5 class=\"wp-block-heading\">JOBS:<br>The daily rent is \u20ac130, including a free lunch every day. In a separate building, bedrooms with private bathrooms are available, ideal for two people, where you can stay with your spouse or partner: \u20ac30 for a basic room, \u20ac50 for a luxury room.<br><br>LOCURI DE MUNC\u0102:<br>Chiria zilnic\u0103 este de 130 \u20ac, cu pr\u00e2nzul gratuit inclus \u00een fiecare zi. \u00centr-o cl\u0103dire separat\u0103 sunt disponibile dormitoare cu baie privat\u0103, ideale pentru dou\u0103 persoane, unde po\u021bi sta al\u0103turi de so\u021bul sau partenerul t\u0103u: 30 \u20ac pentru o camer\u0103 simpl\u0103, 50 \u20ac pentru o camer\u0103 de lux.<br><br>STELLENANGEBOTE:<br>Die t\u00e4gliche Miete betr\u00e4gt 130 \u20ac, inklusive t\u00e4glichem kostenlosen Mittagessen. In einem separaten Geb\u00e4ude stehen Schlafzimmer mit eigenem Bad zur Verf\u00fcgung, ideal f\u00fcr zwei Personen, in denen Sie mit Ihrem Ehepartner oder Partner \u00fcbernachten k\u00f6nnen: 30 Euro f\u00fcr ein einfaches Zimmer, 50 Euro f\u00fcr ein Luxuszimme<br><br>\u0420\u0410\u0411\u041e\u0422\u041d\u0418 \u041c\u0415\u0421\u0422\u0410:<br>\u0414\u043d\u0435\u0432\u043d\u0438\u044f\u0442 \u043d\u0430\u0435\u043c \u0435 130 \u20ac, \u0441 \u0432\u043a\u043b\u044e\u0447\u0435\u043d \u0431\u0435\u0437\u043f\u043b\u0430\u0442\u0435\u043d \u043e\u0431\u044f\u0434 \u0432\u0441\u0435\u043a\u0438 \u0434\u0435\u043d. \u0412 \u043e\u0442\u0434\u0435\u043b\u043d\u0430 \u0441\u0433\u0440\u0430\u0434\u0430 \u0441\u0430 \u043d\u0430\u043b\u0438\u0447\u043d\u0438 \u0441\u043f\u0430\u043b\u043d\u0438 \u0441 \u0447\u0430\u0441\u0442\u043d\u0430 \u0431\u0430\u043d\u044f, \u0438\u0434\u0435\u0430\u043b\u043d\u0438 \u0437\u0430 \u0434\u0432\u0430\u043c\u0430 \u0434\u0443\u0448\u0438, \u043a\u044a\u0434\u0435\u0442\u043e \u043c\u043e\u0436\u0435\u0442\u0435 \u0434\u0430 \u043e\u0442\u0441\u0435\u0434\u043d\u0435\u0442\u0435 \u0437\u0430\u0435\u0434\u043d\u043e \u0441\u044a\u0441 \u0441\u044a\u043f\u0440\u0443\u0433\u0430 \u0438\u043b\u0438 \u043f\u0430\u0440\u0442\u043d\u044c\u043e\u0440\u0430 \u0441\u0438: 30 \u20ac \u0437\u0430 \u043e\u0431\u0438\u043a\u043d\u043e\u0432\u0435\u043d\u0430 \u0441\u0442\u0430\u044f, 50 \u20ac \u0437\u0430 \u043b\u0443\u043a\u0441\u043e\u0437\u043d\u0430 \u0441\u0442\u0430\u044f.<\/h5>\n\n\n\n<p><\/p>\n\n\n\n<h2 class=\"wp-block-heading has-text-align-center\">TEL: +49 203 935 75 205<\/h2>\n","protected":false},"excerpt":{"rendered":"<p>JOBS:The daily rent is \u20ac130, including a free lunch every day. In a separate building, bedrooms with private bathrooms are available, ideal for two people, where you can stay with your spouse or partner: \u20ac30 for a basic room, \u20ac50 for a luxury room. LOCURI DE MUNC\u0102:Chiria zilnic\u0103 este de 130 \u20ac, cu pr\u00e2nzul gratuit&#8230;<\/p>\n","protected":false},"author":1,"featured_media":0,"parent":0,"menu_order":0,"comment_status":"closed","ping_status":"closed","template":"","meta":{"_kad_post_transparent":"","_kad_post_title":"","_kad_post_layout":"","_kad_post_sidebar_id":"","_kad_post_content_style":"","_kad_post_vertical_padding":"","_kad_post_feature":"","_kad_post_feature_position":"","_kad_post_header":false,"_kad_post_footer":false,"footnotes":""},"class_list":["post-176","page","type-page","status-publish","hentry"],"_links":{"self":[{"href":"https:\/\/sexxxpalace.com\/index.php?rest_route=\/wp\/v2\/pages\/176","targetHints":{"allow":["GET"]}}],"collection":[{"href":"https:\/\/sexxxpalace.com\/index.php?rest_route=\/wp\/v2\/pages"}],"about":[{"href":"https:\/\/sexxxpalace.com\/index.php?rest_route=\/wp\/v2\/types\/page"}],"author":[{"embeddable":true,"href":"https:\/\/sexxxpalace.com\/index.php?rest_route=\/wp\/v2\/users\/1"}],"replies":[{"embeddable":true,"href":"https:\/\/sexxxpalace.com\/index.php?rest_route=%2Fwp%2Fv2%2Fcomments&post=176"}],"version-history":[{"count":10,"href":"https:\/\/sexxxpalace.com\/index.php?rest_route=\/wp\/v2\/pages\/176\/revisions"}],"predecessor-version":[{"id":196,"href":"https:\/\/sexxxpalace.com\/index.php?rest_route=\/wp\/v2\/pages\/176\/revisions\/196"}],"wp:attachment":[{"href":"https:\/\/sexxxpalace.com\/index.php?rest_route=%2Fwp%2Fv2%2Fmedia&parent=176"}],"curies":[{"name":"wp","href":"https:\/\/api.w.org\/{rel}","templated":true}]}}